{"id":74992,"date":"2022-02-04T14:48:25","date_gmt":"2022-02-04T13:48:25","guid":{"rendered":"https:\/\/global-exam.com\/blog\/?page_id=74992"},"modified":"2022-09-05T10:10:21","modified_gmt":"2022-09-05T08:10:21","slug":"telc","status":"publish","type":"page","link":"https:\/\/global-exam.com\/blog\/fr\/examens\/telc\/","title":{"rendered":"TELC"},"content":{"rendered":"<p>Passer le TELC<\/p>\n<p style=\"text-align: center;\"><span style=\"font-weight: 400;\">TELC (The European Language Certificates) propose des <\/span><b>examens conformes au CECRL<\/b><span style=\"font-weight: 400;\"> pour certifier son niveau en langue. Il est standardis\u00e9 et est reconnu dans toute l\u2019Europe. Il est divis\u00e9 en plusieurs niveaux : A1, A2, B1, B2, C1 et C2.<\/span><\/p>\n<p style=\"text-align: center;\"><span style=\"font-weight: 400;\">Le TELC Allemand permet de certifier la ma\u00eetrise de la langue dans des <\/span><b>situations de la vie courante<\/b><span style=\"font-weight: 400;\"> en rapport au quotidien, \u00e0 la maison ou au travail. Il \u00e9value les comp\u00e9tences de compr\u00e9hension et d\u2019expression \u00e9crite et orale.<\/span><\/p>\n","protected":false},"excerpt":{"rendered":"<p>Passer le TELC TELC (The European Language Certificates) propose des examens conformes au CECRL pour certifier son niveau en langue. Il est [&hellip;]<\/p>\n","protected":false},"author":24,"featured_media":0,"parent":2839,"menu_order":0,"comment_status":"closed","ping_status":"closed","template":"","meta":[],"acf":[],"yoast_head":"<!-- This site is optimized with the Yoast SEO plugin v17.2.1 - https:\/\/yoast.com\/wordpress\/plugins\/seo\/ -->\n<title>TELC<\/title>\n<meta name=\"robots\" content=\"index, follow, max-snippet:-1, max-image-preview:large, max-video-preview:-1\" \/>\n<link rel=\"canonical\" href=\"https:\/\/global-exam.com\/blog\/fr\/examens\/telc\/\" \/>\n<meta property=\"og:locale\" content=\"fr_FR\" \/>\n<meta property=\"og:type\" content=\"article\" \/>\n<meta property=\"og:title\" content=\"TELC\" \/>\n<meta property=\"og:description\" content=\"Passer le TELC TELC (The European Language Certificates) propose des examens conformes au CECRL pour certifier son niveau en langue. Il est [&hellip;]\" \/>\n<meta property=\"og:url\" content=\"https:\/\/global-exam.com\/blog\/fr\/examens\/telc\/\" \/>\n<meta property=\"og:site_name\" content=\"GlobalExam Blog\" \/>\n<meta property=\"article:publisher\" content=\"https:\/\/www.facebook.com\/Global.Exam\" \/>\n<meta property=\"article:modified_time\" content=\"2022-09-05T08:10:21+00:00\" \/>\n<meta name=\"twitter:card\" content=\"summary_large_image\" \/>\n<meta name=\"twitter:site\" content=\"@Global_Exam\" \/>\n<meta name=\"twitter:label1\" content=\"Dur\u00e9e de lecture estim\u00e9e\" \/>\n\t<meta name=\"twitter:data1\" content=\"3 minutes\" \/>\n<script type=\"application\/ld+json\" class=\"yoast-schema-graph\">{\"@context\":\"https:\/\/schema.org\",\"@graph\":[{\"@type\":\"WebSite\",\"@id\":\"https:\/\/global-exam.com\/blog\/#website\",\"url\":\"https:\/\/global-exam.com\/blog\/\",\"name\":\"GlobalExam Blog\",\"description\":\"Le blog du sp\\u00e9cialiste de la certification linguistique\",\"potentialAction\":[{\"@type\":\"SearchAction\",\"target\":{\"@type\":\"EntryPoint\",\"urlTemplate\":\"https:\/\/global-exam.com\/blog\/?s={search_term_string}\"},\"query-input\":\"required name=search_term_string\"}],\"inLanguage\":\"fr-FR\"},{\"@type\":\"WebPage\",\"@id\":\"https:\/\/global-exam.com\/blog\/fr\/examens\/telc\/#webpage\",\"url\":\"https:\/\/global-exam.com\/blog\/fr\/examens\/telc\/\",\"name\":\"TELC\",\"isPartOf\":{\"@id\":\"https:\/\/global-exam.com\/blog\/#website\"},\"datePublished\":\"2022-02-04T13:48:25+00:00\",\"dateModified\":\"2022-09-05T08:10:21+00:00\",\"breadcrumb\":{\"@id\":\"https:\/\/global-exam.com\/blog\/fr\/examens\/telc\/#breadcrumb\"},\"inLanguage\":\"fr-FR\",\"potentialAction\":[{\"@type\":\"ReadAction\",\"target\":[\"https:\/\/global-exam.com\/blog\/fr\/examens\/telc\/\"]}]},{\"@type\":\"BreadcrumbList\",\"@id\":\"https:\/\/global-exam.com\/blog\/fr\/examens\/telc\/#breadcrumb\",\"itemListElement\":[{\"@type\":\"ListItem\",\"position\":1,\"name\":\"Les examens de langue\",\"item\":\"https:\/\/global-exam.com\/blog\/fr\/examens\/\"},{\"@type\":\"ListItem\",\"position\":2,\"name\":\"TELC\"}]}]}<\/script>\n<!-- \/ Yoast SEO plugin. -->","yoast_head_json":{"title":"TELC","robots":{"index":"index","follow":"follow","max-snippet":"max-snippet:-1","max-image-preview":"max-image-preview:large","max-video-preview":"max-video-preview:-1"},"canonical":"https:\/\/global-exam.com\/blog\/fr\/examens\/telc\/","og_locale":"fr_FR","og_type":"article","og_title":"TELC","og_description":"Passer le TELC TELC (The European Language Certificates) propose des examens conformes au CECRL pour certifier son niveau en langue. Il est [&hellip;]","og_url":"https:\/\/global-exam.com\/blog\/fr\/examens\/telc\/","og_site_name":"GlobalExam Blog","article_publisher":"https:\/\/www.facebook.com\/Global.Exam","article_modified_time":"2022-09-05T08:10:21+00:00","twitter_card":"summary_large_image","twitter_site":"@Global_Exam","twitter_misc":{"Dur\u00e9e de lecture estim\u00e9e":"3 minutes"},"schema":{"@context":"https:\/\/schema.org","@graph":[{"@type":"WebSite","@id":"https:\/\/global-exam.com\/blog\/#website","url":"https:\/\/global-exam.com\/blog\/","name":"GlobalExam Blog","description":"Le blog du sp\u00e9cialiste de la certification linguistique","potentialAction":[{"@type":"SearchAction","target":{"@type":"EntryPoint","urlTemplate":"https:\/\/global-exam.com\/blog\/?s={search_term_string}"},"query-input":"required name=search_term_string"}],"inLanguage":"fr-FR"},{"@type":"WebPage","@id":"https:\/\/global-exam.com\/blog\/fr\/examens\/telc\/#webpage","url":"https:\/\/global-exam.com\/blog\/fr\/examens\/telc\/","name":"TELC","isPartOf":{"@id":"https:\/\/global-exam.com\/blog\/#website"},"datePublished":"2022-02-04T13:48:25+00:00","dateModified":"2022-09-05T08:10:21+00:00","breadcrumb":{"@id":"https:\/\/global-exam.com\/blog\/fr\/examens\/telc\/#breadcrumb"},"inLanguage":"fr-FR","potentialAction":[{"@type":"ReadAction","target":["https:\/\/global-exam.com\/blog\/fr\/examens\/telc\/"]}]},{"@type":"BreadcrumbList","@id":"https:\/\/global-exam.com\/blog\/fr\/examens\/telc\/#breadcrumb","itemListElement":[{"@type":"ListItem","position":1,"name":"Les examens de langue","item":"https:\/\/global-exam.com\/blog\/fr\/examens\/"},{"@type":"ListItem","position":2,"name":"TELC"}]}]}},"lang":"fr","translations":{"fr":74992},"pll_sync_post":[],"_links":{"self":[{"href":"https:\/\/global-exam.com\/blog\/wp-json\/wp\/v2\/pages\/74992"}],"collection":[{"href":"https:\/\/global-exam.com\/blog\/wp-json\/wp\/v2\/pages"}],"about":[{"href":"https:\/\/global-exam.com\/blog\/wp-json\/wp\/v2\/types\/page"}],"author":[{"embeddable":true,"href":"https:\/\/global-exam.com\/blog\/wp-json\/wp\/v2\/users\/24"}],"replies":[{"embeddable":true,"href":"https:\/\/global-exam.com\/blog\/wp-json\/wp\/v2\/comments?post=74992"}],"version-history":[{"count":11,"href":"https:\/\/global-exam.com\/blog\/wp-json\/wp\/v2\/pages\/74992\/revisions"}],"predecessor-version":[{"id":79270,"href":"https:\/\/global-exam.com\/blog\/wp-json\/wp\/v2\/pages\/74992\/revisions\/79270"}],"up":[{"embeddable":true,"href":"https:\/\/global-exam.com\/blog\/wp-json\/wp\/v2\/pages\/2839"}],"wp:attachment":[{"href":"https:\/\/global-exam.com\/blog\/wp-json\/wp\/v2\/media?parent=74992"}],"curies":[{"name":"wp","href":"https:\/\/api.w.org\/{rel}","templated":true}]}}