{"id":74994,"date":"2022-02-04T14:55:17","date_gmt":"2022-02-04T13:55:17","guid":{"rendered":"https:\/\/global-exam.com\/blog\/?page_id=74994"},"modified":"2022-08-18T15:47:45","modified_gmt":"2022-08-18T13:47:45","slug":"categorie-presentation-du-telc","status":"publish","type":"page","link":"https:\/\/global-exam.com\/blog\/fr\/examens\/telc\/categorie-presentation-du-telc\/","title":{"rendered":"Pr\u00e9sentation du TELC"},"content":{"rendered":"<p>D\u00e9couvrir le TELC<\/p>\n<p>Dans cette cat\u00e9gorie, vous trouverez toutes les informations sur le test du TELC Allemand et les diff\u00e9rents niveaux. De la structure de l\u2019examen aux diff\u00e9rents niveaux propos\u00e9s, vous aurez toutes les cl\u00e9s en main pour <strong>choisir le test qui vous correspond et le pr\u00e9parer<\/strong>.<\/p>\n<p>Le TELC (abr\u00e9viation de \u201cThe European Language Certificates\u201d) permet d\u2019<strong>\u00e9valuer et de certifier votre niveau d\u2019allemand<\/strong>. C\u2019est un examen standardis\u00e9 qui est reconnu \u00e0 l\u2019international et atteste de votre ma\u00eetrise de l\u2019allemand\u00a0 dans des situations de la vie courante.<\/p>\n<p>Le TELC \u00e9value les comp\u00e9tences de compr\u00e9hension et d\u2019expression \u00e9crite et orale dans des <strong>situations du quotidien<\/strong>. En plus de certifier son niveau d\u2019allemand pour un projet de mobilit\u00e9 internationale, il est \u00e9galement valable pour toutes les demandes de permis en Suisse.<\/p>\n<p>N\u2019h\u00e9sitez pas \u00e0 parcourir notre blog pour d\u00e9couvrir davantage de conseils et de ressources pour le passage du TELC allemand.<\/p>\n","protected":false},"excerpt":{"rendered":"<p>D\u00e9couvrir le TELC Dans cette cat\u00e9gorie, vous trouverez toutes les informations sur le test du TELC Allemand et les diff\u00e9rents niveaux. De [&hellip;]<\/p>\n","protected":false},"author":24,"featured_media":0,"parent":74992,"menu_order":0,"comment_status":"closed","ping_status":"closed","template":"","meta":[],"acf":[],"yoast_head":"<!-- This site is optimized with the Yoast SEO plugin v17.2.1 - https:\/\/yoast.com\/wordpress\/plugins\/seo\/ -->\n<title>Pr\u00e9sentation du TELC<\/title>\n<meta name=\"robots\" content=\"index, follow, max-snippet:-1, max-image-preview:large, max-video-preview:-1\" \/>\n<link rel=\"canonical\" href=\"https:\/\/global-exam.com\/blog\/fr\/examens\/telc\/categorie-presentation-du-telc\/\" \/>\n<meta property=\"og:locale\" content=\"fr_FR\" \/>\n<meta property=\"og:type\" content=\"article\" \/>\n<meta property=\"og:title\" content=\"Pr\u00e9sentation du TELC\" \/>\n<meta property=\"og:description\" content=\"D\u00e9couvrir le TELC Dans cette cat\u00e9gorie, vous trouverez toutes les informations sur le test du TELC Allemand et les diff\u00e9rents niveaux. De [&hellip;]\" \/>\n<meta property=\"og:url\" content=\"https:\/\/global-exam.com\/blog\/fr\/examens\/telc\/categorie-presentation-du-telc\/\" \/>\n<meta property=\"og:site_name\" content=\"GlobalExam Blog\" \/>\n<meta property=\"article:publisher\" content=\"https:\/\/www.facebook.com\/Global.Exam\" \/>\n<meta property=\"article:modified_time\" content=\"2022-08-18T13:47:45+00:00\" \/>\n<meta name=\"twitter:card\" content=\"summary_large_image\" \/>\n<meta name=\"twitter:site\" content=\"@Global_Exam\" \/>\n<meta name=\"twitter:label1\" content=\"Dur\u00e9e de lecture estim\u00e9e\" \/>\n\t<meta name=\"twitter:data1\" content=\"3 minutes\" \/>\n<script type=\"application\/ld+json\" class=\"yoast-schema-graph\">{\"@context\":\"https:\/\/schema.org\",\"@graph\":[{\"@type\":\"WebSite\",\"@id\":\"https:\/\/global-exam.com\/blog\/#website\",\"url\":\"https:\/\/global-exam.com\/blog\/\",\"name\":\"GlobalExam Blog\",\"description\":\"Le blog du sp\\u00e9cialiste de la certification linguistique\",\"potentialAction\":[{\"@type\":\"SearchAction\",\"target\":{\"@type\":\"EntryPoint\",\"urlTemplate\":\"https:\/\/global-exam.com\/blog\/?s={search_term_string}\"},\"query-input\":\"required name=search_term_string\"}],\"inLanguage\":\"fr-FR\"},{\"@type\":\"WebPage\",\"@id\":\"https:\/\/global-exam.com\/blog\/fr\/examens\/telc\/categorie-presentation-du-telc\/#webpage\",\"url\":\"https:\/\/global-exam.com\/blog\/fr\/examens\/telc\/categorie-presentation-du-telc\/\",\"name\":\"Pr\\u00e9sentation du TELC\",\"isPartOf\":{\"@id\":\"https:\/\/global-exam.com\/blog\/#website\"},\"datePublished\":\"2022-02-04T13:55:17+00:00\",\"dateModified\":\"2022-08-18T13:47:45+00:00\",\"breadcrumb\":{\"@id\":\"https:\/\/global-exam.com\/blog\/fr\/examens\/telc\/categorie-presentation-du-telc\/#breadcrumb\"},\"inLanguage\":\"fr-FR\",\"potentialAction\":[{\"@type\":\"ReadAction\",\"target\":[\"https:\/\/global-exam.com\/blog\/fr\/examens\/telc\/categorie-presentation-du-telc\/\"]}]},{\"@type\":\"BreadcrumbList\",\"@id\":\"https:\/\/global-exam.com\/blog\/fr\/examens\/telc\/categorie-presentation-du-telc\/#breadcrumb\",\"itemListElement\":[{\"@type\":\"ListItem\",\"position\":1,\"name\":\"Les examens de langue\",\"item\":\"https:\/\/global-exam.com\/blog\/fr\/examens\/\"},{\"@type\":\"ListItem\",\"position\":2,\"name\":\"TELC\",\"item\":\"https:\/\/global-exam.com\/blog\/fr\/examens\/telc\/\"},{\"@type\":\"ListItem\",\"position\":3,\"name\":\"Pr\\u00e9sentation du TELC\"}]}]}<\/script>\n<!-- \/ Yoast SEO plugin. -->","yoast_head_json":{"title":"Pr\u00e9sentation du TELC","robots":{"index":"index","follow":"follow","max-snippet":"max-snippet:-1","max-image-preview":"max-image-preview:large","max-video-preview":"max-video-preview:-1"},"canonical":"https:\/\/global-exam.com\/blog\/fr\/examens\/telc\/categorie-presentation-du-telc\/","og_locale":"fr_FR","og_type":"article","og_title":"Pr\u00e9sentation du TELC","og_description":"D\u00e9couvrir le TELC Dans cette cat\u00e9gorie, vous trouverez toutes les informations sur le test du TELC Allemand et les diff\u00e9rents niveaux. De [&hellip;]","og_url":"https:\/\/global-exam.com\/blog\/fr\/examens\/telc\/categorie-presentation-du-telc\/","og_site_name":"GlobalExam Blog","article_publisher":"https:\/\/www.facebook.com\/Global.Exam","article_modified_time":"2022-08-18T13:47:45+00:00","twitter_card":"summary_large_image","twitter_site":"@Global_Exam","twitter_misc":{"Dur\u00e9e de lecture estim\u00e9e":"3 minutes"},"schema":{"@context":"https:\/\/schema.org","@graph":[{"@type":"WebSite","@id":"https:\/\/global-exam.com\/blog\/#website","url":"https:\/\/global-exam.com\/blog\/","name":"GlobalExam Blog","description":"Le blog du sp\u00e9cialiste de la certification linguistique","potentialAction":[{"@type":"SearchAction","target":{"@type":"EntryPoint","urlTemplate":"https:\/\/global-exam.com\/blog\/?s={search_term_string}"},"query-input":"required name=search_term_string"}],"inLanguage":"fr-FR"},{"@type":"WebPage","@id":"https:\/\/global-exam.com\/blog\/fr\/examens\/telc\/categorie-presentation-du-telc\/#webpage","url":"https:\/\/global-exam.com\/blog\/fr\/examens\/telc\/categorie-presentation-du-telc\/","name":"Pr\u00e9sentation du TELC","isPartOf":{"@id":"https:\/\/global-exam.com\/blog\/#website"},"datePublished":"2022-02-04T13:55:17+00:00","dateModified":"2022-08-18T13:47:45+00:00","breadcrumb":{"@id":"https:\/\/global-exam.com\/blog\/fr\/examens\/telc\/categorie-presentation-du-telc\/#breadcrumb"},"inLanguage":"fr-FR","potentialAction":[{"@type":"ReadAction","target":["https:\/\/global-exam.com\/blog\/fr\/examens\/telc\/categorie-presentation-du-telc\/"]}]},{"@type":"BreadcrumbList","@id":"https:\/\/global-exam.com\/blog\/fr\/examens\/telc\/categorie-presentation-du-telc\/#breadcrumb","itemListElement":[{"@type":"ListItem","position":1,"name":"Les examens de langue","item":"https:\/\/global-exam.com\/blog\/fr\/examens\/"},{"@type":"ListItem","position":2,"name":"TELC","item":"https:\/\/global-exam.com\/blog\/fr\/examens\/telc\/"},{"@type":"ListItem","position":3,"name":"Pr\u00e9sentation du TELC"}]}]}},"lang":"fr","translations":{"fr":74994},"pll_sync_post":[],"_links":{"self":[{"href":"https:\/\/global-exam.com\/blog\/wp-json\/wp\/v2\/pages\/74994"}],"collection":[{"href":"https:\/\/global-exam.com\/blog\/wp-json\/wp\/v2\/pages"}],"about":[{"href":"https:\/\/global-exam.com\/blog\/wp-json\/wp\/v2\/types\/page"}],"author":[{"embeddable":true,"href":"https:\/\/global-exam.com\/blog\/wp-json\/wp\/v2\/users\/24"}],"replies":[{"embeddable":true,"href":"https:\/\/global-exam.com\/blog\/wp-json\/wp\/v2\/comments?post=74994"}],"version-history":[{"count":6,"href":"https:\/\/global-exam.com\/blog\/wp-json\/wp\/v2\/pages\/74994\/revisions"}],"predecessor-version":[{"id":78219,"href":"https:\/\/global-exam.com\/blog\/wp-json\/wp\/v2\/pages\/74994\/revisions\/78219"}],"up":[{"embeddable":true,"href":"https:\/\/global-exam.com\/blog\/wp-json\/wp\/v2\/pages\/74992"}],"wp:attachment":[{"href":"https:\/\/global-exam.com\/blog\/wp-json\/wp\/v2\/media?parent=74994"}],"curies":[{"name":"wp","href":"https:\/\/api.w.org\/{rel}","templated":true}]}}